{"id":112,"date":"2014-10-06T08:42:46","date_gmt":"2014-10-06T06:42:46","guid":{"rendered":"http:\/\/oberschin.com\/?page_id=112"},"modified":"2015-11-21T23:08:01","modified_gmt":"2015-11-21T22:08:01","slug":"ich-mache","status":"publish","type":"page","link":"https:\/\/oberschin.com\/?page_id=112","title":{"rendered":"ich mache&#8230;"},"content":{"rendered":"<p><strong>Gen\u00e4htes<\/strong><\/p>\n<p>Ich n\u00e4he mit einer Bernina Record, die gute 5 Jahre \u00e4lter ist als ich. Und ich habe eine nigelnagelneue Overlock von Pfaff. Es vergeht praktisch kein Abend, an dem ich vor meinen Maschinen sitze. Manchmal sind es nur wenige Minuten (aber besser als nichts). \ud83d\ude09<\/p>\n<p>Auf diesen Seiten m\u00f6chte ich euch einen Einblick diese kleine Ecke meines Lebens gew\u00e4hren. Ich hoffe, ich kann zum Selbermachen animieren, inspirieren und faszinieren.<\/p>\n<p>Wem das Selbermachen nicht zusagt, der findet vielleicht in meinem kleinen Laden was? Klick <a href=\"https:\/\/www.etsy.com\/de\/shop\/oberschin?ref=hdr_shop_menu\">hier<\/a> und du landest bei mir im &#8222;Etsy Shop&#8220;. Falls Du einen speziellen Wunsch hast: Kontaktiere mich einfach!<\/p>\n<p><strong>Gekochtes<\/strong><\/p>\n<p>Damals im Praktikumsunterricht f\u00fcr Biologie stellte ich meinen ersten Balsam her: einen Erk\u00e4ltungsbalsam. Jetzt &#8211; ein paar J\u00e4hrchen sp\u00e4ter &#8211; hat es mich wieder gepackt. Ich koche Seifen und Salben.<\/p>\n<p>Alle meine Produkte enthalten nur soviel Konservierungsstoffe wie n\u00f6tig \u2013 die Salben sind sogar konservierungsmittelfrei.<\/p>\n<p><a href=\"https:\/\/www.etsy.com\/de\/shop\/oberschin?section_id=7125746&amp;ref=shopsection_leftnav_1\">Hier<\/a> im Shop findest Du die meisten meiner selbstgemachten Kosmetikprodukte. Du kannst sie einzeln kaufen, oder Du w\u00e4hlst ein Kosmetikt\u00e4schli und entscheidest dich dann, mit welchen drei Produkten dies gef\u00fcllt werden darf.<\/p>\n","protected":false},"excerpt":{"rendered":"<p>Gen\u00e4htes Ich n\u00e4he mit einer Bernina Record, die gute 5 Jahre \u00e4lter ist als ich. Und ich habe eine nigelnagelneue Overlock von Pfaff. Es vergeht praktisch kein Abend,&#8230;<\/p>\n","protected":false},"author":1,"featured_media":0,"parent":0,"menu_order":0,"comment_status":"open","ping_status":"open","template":"","meta":{"jetpack_post_was_ever_published":false,"footnotes":""},"class_list":["post-112","page","type-page","status-publish","hentry"],"jetpack_sharing_enabled":true,"jetpack_shortlink":"https:\/\/wp.me\/P6KMDe-1O","jetpack-related-posts":[{"id":104,"url":"https:\/\/oberschin.com\/?page_id=104","url_meta":{"origin":112,"position":0},"title":"ich bin&#8230;","author":"oberschin","date":"6. Oktober 2014","format":false,"excerpt":"Das bin ich. Oberschin. Walliserin... Oberwalliserin. Ich wohne in Thun, arbeite in Siders, n\u00e4he im Schlafzimmer und beanspruche damit die H\u00e4lfte des Raumes f\u00fcr mich und meine Stoffe. Ich produziere Selbstgemachtes f\u00fcr meine vier M\u00e4nner - f\u00fcr den Papa, den grossen (7), den mittleren (5) und den kleinsten (3). Und\u2026","rel":"","context":"Mit 3 Kommentaren","block_context":{"text":"Mit 3 Kommentaren","link":"https:\/\/oberschin.com\/?page_id=104#comments"},"img":{"alt_text":"","src":"https:\/\/i0.wp.com\/oberschin.com\/wp-content\/uploads\/2019\/03\/iusa_400x400.34341062_7n1r.jpg?resize=350%2C200","width":350,"height":200},"classes":[]}],"_links":{"self":[{"href":"https:\/\/oberschin.com\/index.php?rest_route=\/wp\/v2\/pages\/112","targetHints":{"allow":["GET"]}}],"collection":[{"href":"https:\/\/oberschin.com\/index.php?rest_route=\/wp\/v2\/pages"}],"about":[{"href":"https:\/\/oberschin.com\/index.php?rest_route=\/wp\/v2\/types\/page"}],"author":[{"embeddable":true,"href":"https:\/\/oberschin.com\/index.php?rest_route=\/wp\/v2\/users\/1"}],"replies":[{"embeddable":true,"href":"https:\/\/oberschin.com\/index.php?rest_route=%2Fwp%2Fv2%2Fcomments&post=112"}],"version-history":[{"count":13,"href":"https:\/\/oberschin.com\/index.php?rest_route=\/wp\/v2\/pages\/112\/revisions"}],"predecessor-version":[{"id":2398,"href":"https:\/\/oberschin.com\/index.php?rest_route=\/wp\/v2\/pages\/112\/revisions\/2398"}],"wp:attachment":[{"href":"https:\/\/oberschin.com\/index.php?rest_route=%2Fwp%2Fv2%2Fmedia&parent=112"}],"curies":[{"name":"wp","href":"https:\/\/api.w.org\/{rel}","templated":true}]}}